{"id":231,"date":"2016-10-17T18:17:59","date_gmt":"2016-10-17T16:17:59","guid":{"rendered":"https:\/\/rhjodoigne.be\/?page_id=231"},"modified":"2017-12-14T07:36:53","modified_gmt":"2017-12-14T06:36:53","slug":"rejoignez-nous","status":"publish","type":"page","link":"https:\/\/rhjodoigne.be\/index.php\/fr\/rejoignez-nous\/","title":{"rendered":"Rejoignez-nous"},"content":{"rendered":"<style>\n.addr p {<br \/>    float: left;<br \/>    margin-right: 20px;<br \/>}<br \/>.addr img {<br \/>    padding: 2px;<br \/>    box-shadow: 0 0 5px;<br \/>    height: 160px;<br \/>    width: auto;<br \/>}<br \/><\/style>\n<div style=\"font-size: 20px;\">\n<p>Vous pratiquez un instrument \u00e0 vent ou percussion, vous souhaitez compl\u00e9ter votre formation acad\u00e9mique et vous avez envie de jouer dans un orchestre o\u00f9 r\u00e8gnent bonne humeur et convivialit\u00e9\u2026 ?<br \/>\nLa RHJ vous accueille, au travers de ses diff\u00e9rentes formations, quel que soit votre niveau ou vos ambitions. Encadrement de qualit\u00e9, projets ambitieux et motivants et surtout super groupe, jeune, dynamique et motiv\u00e9 !<br \/>\nN\u2019attendez plus, osez\u2026vous risquez juste de vous y plaire !!Notre orchestre recrute en ce moment des jeunes de tous les intruments pour l&rsquo;orchestre des jeunes et les pupitres suivants pour le grand orchestre:<\/p>\n<\/div>\n<div class=\"addr\">\n<p><b>Salle de r\u00e9p\u00e9titions :<\/b><br \/>\nCh\u00e9e de Tirlemont, 579<br \/>\nZ\u00e9trud-Lumay<\/p>\n<p><a href=\"https:\/\/www.google.be\/maps\/@50.7593629,4.8908963,3a,75y,358.46h,83.43t\/data=!3m6!1e1!3m4!1slnVrMTsbEKxMpbbQoe3Usw!2e0!7i13312!8i6656\"><img decoding=\"async\" src=\"https:\/\/rhjodoigne.be\/wp-content\/uploads\/2016\/10\/salle-zetrud.png\" alt=\"salle\" \/><\/a><\/p>\n<\/div>\n","protected":false},"excerpt":{"rendered":"<p>Vous pratiquez un instrument \u00e0 vent ou percussion, vous souhaitez compl\u00e9ter votre formation acad\u00e9mique et vous avez envie de jouer dans un orchestre o\u00f9 r\u00e8gnent bonne humeur et convivialit\u00e9\u2026 ? La RHJ vous accueille, au travers de ses diff\u00e9rentes formations, quel que soit votre niveau ou vos ambitions. Encadrement de&#8230;<\/p>\n","protected":false},"author":9,"featured_media":0,"parent":0,"menu_order":0,"comment_status":"closed","ping_status":"closed","template":"","meta":{"footnotes":""},"_links":{"self":[{"href":"https:\/\/rhjodoigne.be\/index.php\/wp-json\/wp\/v2\/pages\/231"}],"collection":[{"href":"https:\/\/rhjodoigne.be\/index.php\/wp-json\/wp\/v2\/pages"}],"about":[{"href":"https:\/\/rhjodoigne.be\/index.php\/wp-json\/wp\/v2\/types\/page"}],"author":[{"embeddable":true,"href":"https:\/\/rhjodoigne.be\/index.php\/wp-json\/wp\/v2\/users\/9"}],"replies":[{"embeddable":true,"href":"https:\/\/rhjodoigne.be\/index.php\/wp-json\/wp\/v2\/comments?post=231"}],"version-history":[{"count":8,"href":"https:\/\/rhjodoigne.be\/index.php\/wp-json\/wp\/v2\/pages\/231\/revisions"}],"predecessor-version":[{"id":577,"href":"https:\/\/rhjodoigne.be\/index.php\/wp-json\/wp\/v2\/pages\/231\/revisions\/577"}],"wp:attachment":[{"href":"https:\/\/rhjodoigne.be\/index.php\/wp-json\/wp\/v2\/media?parent=231"}],"curies":[{"name":"wp","href":"https:\/\/api.w.org\/{rel}","templated":true}]}}