{"id":354,"date":"2017-08-31T22:23:19","date_gmt":"2017-08-31T20:23:19","guid":{"rendered":"https:\/\/rhjodoigne.be\/?page_id=354"},"modified":"2023-10-03T12:23:35","modified_gmt":"2023-10-03T10:23:35","slug":"directeur-musical","status":"publish","type":"page","link":"https:\/\/rhjodoigne.be\/index.php\/fr\/directeur-musical\/","title":{"rendered":"Directeur Musical"},"content":{"rendered":"<p><b style=\"font-size: 2em; white-space: nowrap;\">Alexandre Kerloc&rsquo;h<\/b><\/p>\n<div dir=\"auto\">&#8211; Master sp\u00e9cialis\u00e9 en tuba au Conservatoire Royal de Li\u00e8ge<\/div>\n<div dir=\"auto\">&#8211; Deux Erasmus (Conservatori Superior de M\u00fasica dels Illes Balears &#8211; Musikene Centre Sup\u00e9rieur de Musique du Pays Basque) durant lesquels il a \u00e9tudi\u00e9 entre autre la direction d&rsquo;orchestre.<\/div>\n<div dir=\"auto\">&#8211; Etudes de direction au CRR Douai (FR)<\/div>\n<div dir=\"auto\">&#8211; Membre du Tessera Tuba Quartet<\/div>\n<div dir=\"auto\">&#8211; Professeur de Tuba et Euphonium dans les acad\u00e9mies de Ch\u00ean\u00e9e et Welkenraedt<img loading=\"lazy\" decoding=\"async\" class=\"alignnone size-medium wp-image-981\" src=\"https:\/\/rhjodoigne.be\/wp-content\/uploads\/2023\/10\/Alexnadre-Officiel-300x300.jpg\" alt=\"\" width=\"300\" height=\"300\" srcset=\"https:\/\/rhjodoigne.be\/wp-content\/uploads\/2023\/10\/Alexnadre-Officiel-300x300.jpg 300w, https:\/\/rhjodoigne.be\/wp-content\/uploads\/2023\/10\/Alexnadre-Officiel-150x150.jpg 150w, https:\/\/rhjodoigne.be\/wp-content\/uploads\/2023\/10\/Alexnadre-Officiel-768x766.jpg 768w, https:\/\/rhjodoigne.be\/wp-content\/uploads\/2023\/10\/Alexnadre-Officiel.jpg 843w\" sizes=\"(max-width: 300px) 100vw, 300px\" \/><\/div>\n\n\n<p><\/p>\n","protected":false},"excerpt":{"rendered":"<p>Alexandre Kerloc&rsquo;h &#8211; Master sp\u00e9cialis\u00e9 en tuba au Conservatoire Royal de Li\u00e8ge &#8211; Deux Erasmus (Conservatori Superior de M\u00fasica dels Illes Balears &#8211; Musikene Centre Sup\u00e9rieur de Musique du Pays Basque) durant lesquels il a \u00e9tudi\u00e9 entre autre la direction d&rsquo;orchestre. &#8211; Etudes de direction au CRR Douai (FR) &#8211;&#8230;<\/p>\n","protected":false},"author":9,"featured_media":0,"parent":0,"menu_order":0,"comment_status":"closed","ping_status":"closed","template":"","meta":{"footnotes":""},"_links":{"self":[{"href":"https:\/\/rhjodoigne.be\/index.php\/wp-json\/wp\/v2\/pages\/354"}],"collection":[{"href":"https:\/\/rhjodoigne.be\/index.php\/wp-json\/wp\/v2\/pages"}],"about":[{"href":"https:\/\/rhjodoigne.be\/index.php\/wp-json\/wp\/v2\/types\/page"}],"author":[{"embeddable":true,"href":"https:\/\/rhjodoigne.be\/index.php\/wp-json\/wp\/v2\/users\/9"}],"replies":[{"embeddable":true,"href":"https:\/\/rhjodoigne.be\/index.php\/wp-json\/wp\/v2\/comments?post=354"}],"version-history":[{"count":25,"href":"https:\/\/rhjodoigne.be\/index.php\/wp-json\/wp\/v2\/pages\/354\/revisions"}],"predecessor-version":[{"id":983,"href":"https:\/\/rhjodoigne.be\/index.php\/wp-json\/wp\/v2\/pages\/354\/revisions\/983"}],"wp:attachment":[{"href":"https:\/\/rhjodoigne.be\/index.php\/wp-json\/wp\/v2\/media?parent=354"}],"curies":[{"name":"wp","href":"https:\/\/api.w.org\/{rel}","templated":true}]}}