{"id":446,"date":"2017-11-15T10:36:34","date_gmt":"2017-11-15T09:36:34","guid":{"rendered":"https:\/\/rhjodoigne.be\/?page_id=446"},"modified":"2019-04-01T14:12:02","modified_gmt":"2019-04-01T12:12:02","slug":"octopus-band","status":"publish","type":"page","link":"https:\/\/rhjodoigne.be\/index.php\/fr\/octopus-band\/","title":{"rendered":"Oct&rsquo;Opus Band"},"content":{"rendered":"<style id=\"bwg-style-0\">    #bwg_container1_0 #bwg_container2_0 .bwg-container-0.bwg-standard-thumbnails {      width: 1254px;              justify-content: center;        margin:0 auto !important;              background-color: rgba(255, 255, 255, 0.00);            padding-left: 4px;      padding-top: 4px;      max-width: 100%;            }        #bwg_container1_0 #bwg_container2_0 .bwg-container-0.bwg-standard-thumbnails .bwg-item {    justify-content: flex-start;      max-width: 250px;          }    #bwg_container1_0 #bwg_container2_0 .bwg-container-0.bwg-standard-thumbnails .bwg-item a {       margin-right: 4px;       margin-bottom: 4px;    }    #bwg_container1_0 #bwg_container2_0 .bwg-container-0.bwg-standard-thumbnails .bwg-item0 {      padding: 0px;            background-color:rgba(255,255,255, 0.30);      border: 0px none #CCCCCC;      opacity: 1.00;      border-radius: 0;      box-shadow: 0px 0px 0px #888888;    }    #bwg_container1_0 #bwg_container2_0 .bwg-container-0.bwg-standard-thumbnails .bwg-item1 img {      max-height: none;      max-width: none;      padding: 0 !important;    }        @media only screen and (min-width: 480px) {      #bwg_container1_0 #bwg_container2_0 .bwg-container-0.bwg-standard-thumbnails .bwg-item0 {        transition: all 0.3s ease 0s;-webkit-transition: all 0.3s ease 0s;      }      #bwg_container1_0 #bwg_container2_0 .bwg-container-0.bwg-standard-thumbnails .bwg-item0:hover {        -ms-transform: scale(1.1);        -webkit-transform: scale(1.1);        transform: scale(1.1);      }    }          #bwg_container1_0 #bwg_container2_0 .bwg-container-0.bwg-standard-thumbnails .bwg-item1 {      padding-top: 56%;    }        #bwg_container1_0 #bwg_container2_0 .bwg-container-0.bwg-standard-thumbnails .bwg-title1 {      position: absolute;      top: 0;      z-index: 100;      width: 100%;      height: 100%;      display: flex;      justify-content: center;      align-content: center;      flex-direction: column;      opacity: 0;    }\t      #bwg_container1_0 #bwg_container2_0 .bwg-container-0.bwg-standard-thumbnails .bwg-title2,    #bwg_container1_0 #bwg_container2_0 .bwg-container-0.bwg-standard-thumbnails .bwg-ecommerce2 {      color: #FFFFFF;      font-family: segoe ui;      font-size: 16px;      font-weight: bold;      padding: 2px;      text-shadow: 0px 0px 0px #888888;      max-height: 100%;    }    #bwg_container1_0 #bwg_container2_0 .bwg-container-0.bwg-standard-thumbnails .bwg-thumb-description span {    color: #323A45;    font-family: Ubuntu;    font-size: 12px;    max-height: 100%;    word-wrap: break-word;    }    #bwg_container1_0 #bwg_container2_0 .bwg-container-0.bwg-standard-thumbnails .bwg-play-icon2 {      font-size: 32px;    }    #bwg_container1_0 #bwg_container2_0 .bwg-container-0.bwg-standard-thumbnails .bwg-ecommerce2 {      font-size: 19.2px;      color: #CCCCCC;    }    <\/style>    <div id=\"bwg_container1_0\"         class=\"bwg_container bwg_thumbnail bwg_thumbnails \"         data-right-click-protection=\"0\"         data-bwg=\"0\"         data-scroll=\"0\"         data-gallery-type=\"thumbnails\"         data-gallery-view-type=\"thumbnails\"         data-current-url=\"\/index.php\/wp-json\/wp\/v2\/pages\/446\"         data-lightbox-url=\"https:\/\/rhjodoigne.be\/wp-admin\/admin-ajax.php?action=GalleryBox&#038;current_view=0&#038;gallery_id=7&#038;tag=0&#038;theme_id=1&#038;shortcode_id=26&#038;sort_by=order&#038;order_by=asc&#038;current_url=%2Findex.php%2Fwp-json%2Fwp%2Fv2%2Fpages%2F446\"         data-gallery-id=\"7\"         data-popup-width=\"800\"         data-popup-height=\"500\"         data-is-album=\"gallery\"         data-buttons-position=\"bottom\">      <div id=\"bwg_container2_0\">             <div id=\"ajax_loading_0\" class=\"bwg_loading_div_1\">      <div class=\"bwg_loading_div_2\">        <div class=\"bwg_loading_div_3\">          <div id=\"loading_div_0\" class=\"bwg_spider_ajax_loading\">          <\/div>        <\/div>      <\/div>    <\/div>            <form id=\"gal_front_form_0\"              class=\"bwg-hidden\"              method=\"post\"              action=\"#\"              data-current=\"0\"              data-shortcode-id=\"26\"              data-gallery-type=\"thumbnails\"              data-gallery-id=\"7\"              data-tag=\"0\"              data-album-id=\"0\"              data-theme-id=\"1\"              data-ajax-url=\"https:\/\/rhjodoigne.be\/wp-admin\/admin-ajax.php?action=bwg_frontend_data\">          <div id=\"bwg_container3_0\" class=\"bwg-background bwg-background-0\">                <div data-max-count=\"5\"         data-thumbnail-width=\"250\"         data-bwg=\"0\"         data-gallery-id=\"7\"         data-lightbox-url=\"https:\/\/rhjodoigne.be\/wp-admin\/admin-ajax.php?action=GalleryBox&amp;current_view=0&amp;gallery_id=7&amp;tag=0&amp;theme_id=1&amp;shortcode_id=26&amp;sort_by=order&amp;order_by=asc&amp;current_url=%2Findex.php%2Fwp-json%2Fwp%2Fv2%2Fpages%2F446\"         id=\"bwg_thumbnails_0\"         class=\"bwg-container-0 bwg-thumbnails bwg-standard-thumbnails bwg-container bwg-border-box\">            <div class=\"bwg-item\">        <a class=\"bwg-a  bwg_lightbox\"  data-image-id=\"96\" href=\"https:\/\/rhjodoigne.be\/wp-content\/uploads\/photo-gallery\/FB_IMG_1530123109939.jpg?bwg=1554113196\" data-elementor-open-lightbox=\"no\">                <div class=\"bwg-item0 \">          <div class=\"bwg-item1 \">            <div class=\"bwg-item2\">              <img decoding=\"async\" class=\"skip-lazy bwg_standart_thumb_img_0 \"                   data-id=\"96\"                   data-width=\"\"                   data-height=\"\"                   data-src=\"https:\/\/rhjodoigne.be\/wp-content\/uploads\/photo-gallery\/thumb\/FB_IMG_1530123109939.jpg?bwg=1554113196\"                   src=\"https:\/\/rhjodoigne.be\/wp-content\/uploads\/photo-gallery\/thumb\/FB_IMG_1530123109939.jpg?bwg=1554113196\"                   alt=\"FB IMG 1530123109939\"                   title=\"FB IMG 1530123109939\" \/>            <\/div>            <div class=\"\">              <div class=\"bwg-title1\"><div class=\"bwg-title2\">FB IMG 1530123109939<\/div><\/div>                                        <\/div>          <\/div>        <\/div>                        <\/a>              <\/div>            <div class=\"bwg-item\">        <a class=\"bwg-a  bwg_lightbox\"  data-image-id=\"95\" href=\"https:\/\/rhjodoigne.be\/wp-content\/uploads\/photo-gallery\/20180623_-_2_(1).jpg?bwg=1554113196\" data-elementor-open-lightbox=\"no\">                <div class=\"bwg-item0 \">          <div class=\"bwg-item1 \">            <div class=\"bwg-item2\">              <img decoding=\"async\" class=\"skip-lazy bwg_standart_thumb_img_0 \"                   data-id=\"95\"                   data-width=\"\"                   data-height=\"\"                   data-src=\"https:\/\/rhjodoigne.be\/wp-content\/uploads\/photo-gallery\/thumb\/20180623_-_2_(1).jpg?bwg=1554113196\"                   src=\"https:\/\/rhjodoigne.be\/wp-content\/uploads\/photo-gallery\/thumb\/20180623_-_2_(1).jpg?bwg=1554113196\"                   alt=\"20180623 - 2 (1)\"                   title=\"20180623 - 2 (1)\" \/>            <\/div>            <div class=\"\">              <div class=\"bwg-title1\"><div class=\"bwg-title2\">20180623 - 2 (1)<\/div><\/div>                                        <\/div>          <\/div>        <\/div>                        <\/a>              <\/div>            <div class=\"bwg-item\">        <a class=\"bwg-a  bwg_lightbox\"  data-image-id=\"94\" href=\"https:\/\/rhjodoigne.be\/wp-content\/uploads\/photo-gallery\/20180623_-_1.jpg?bwg=1554113196\" data-elementor-open-lightbox=\"no\">                <div class=\"bwg-item0 \">          <div class=\"bwg-item1 \">            <div class=\"bwg-item2\">              <img decoding=\"async\" class=\"skip-lazy bwg_standart_thumb_img_0 \"                   data-id=\"94\"                   data-width=\"\"                   data-height=\"\"                   data-src=\"https:\/\/rhjodoigne.be\/wp-content\/uploads\/photo-gallery\/thumb\/20180623_-_1.jpg?bwg=1554113196\"                   src=\"https:\/\/rhjodoigne.be\/wp-content\/uploads\/photo-gallery\/thumb\/20180623_-_1.jpg?bwg=1554113196\"                   alt=\"20180623 - 1\"                   title=\"20180623 - 1\" \/>            <\/div>            <div class=\"\">              <div class=\"bwg-title1\"><div class=\"bwg-title2\">20180623 - 1<\/div><\/div>                                        <\/div>          <\/div>        <\/div>                        <\/a>              <\/div>            <div class=\"bwg-item\">        <a class=\"bwg-a  bwg_lightbox\"  data-image-id=\"93\" href=\"https:\/\/rhjodoigne.be\/wp-content\/uploads\/photo-gallery\/FB_IMG_1530123112767.jpg?bwg=1554113196\" data-elementor-open-lightbox=\"no\">                <div class=\"bwg-item0 \">          <div class=\"bwg-item1 \">            <div class=\"bwg-item2\">              <img decoding=\"async\" class=\"skip-lazy bwg_standart_thumb_img_0 \"                   data-id=\"93\"                   data-width=\"\"                   data-height=\"\"                   data-src=\"https:\/\/rhjodoigne.be\/wp-content\/uploads\/photo-gallery\/thumb\/FB_IMG_1530123112767.jpg?bwg=1554113196\"                   src=\"https:\/\/rhjodoigne.be\/wp-content\/uploads\/photo-gallery\/thumb\/FB_IMG_1530123112767.jpg?bwg=1554113196\"                   alt=\"FB IMG 1530123112767\"                   title=\"FB IMG 1530123112767\" \/>            <\/div>            <div class=\"\">              <div class=\"bwg-title1\"><div class=\"bwg-title2\">FB IMG 1530123112767<\/div><\/div>                                        <\/div>          <\/div>        <\/div>                        <\/a>              <\/div>            <div class=\"bwg-item\">        <a class=\"bwg-a  bwg_lightbox\"  data-image-id=\"92\" href=\"https:\/\/rhjodoigne.be\/wp-content\/uploads\/photo-gallery\/FB_IMG_1530123115791.jpg?bwg=1554113196\" data-elementor-open-lightbox=\"no\">                <div class=\"bwg-item0 \">          <div class=\"bwg-item1 \">            <div class=\"bwg-item2\">              <img decoding=\"async\" class=\"skip-lazy bwg_standart_thumb_img_0 \"                   data-id=\"92\"                   data-width=\"\"                   data-height=\"\"                   data-src=\"https:\/\/rhjodoigne.be\/wp-content\/uploads\/photo-gallery\/thumb\/FB_IMG_1530123115791.jpg?bwg=1554113196\"                   src=\"https:\/\/rhjodoigne.be\/wp-content\/uploads\/photo-gallery\/thumb\/FB_IMG_1530123115791.jpg?bwg=1554113196\"                   alt=\"FB IMG 1530123115791\"                   title=\"FB IMG 1530123115791\" \/>            <\/div>            <div class=\"\">              <div class=\"bwg-title1\"><div class=\"bwg-title2\">FB IMG 1530123115791<\/div><\/div>                                        <\/div>          <\/div>        <\/div>                        <\/a>              <\/div>            <div class=\"bwg-item\">        <a class=\"bwg-a  bwg_lightbox\"  data-image-id=\"91\" href=\"https:\/\/rhjodoigne.be\/wp-content\/uploads\/photo-gallery\/FB_IMG_1530123047868.jpg?bwg=1554113196\" data-elementor-open-lightbox=\"no\">                <div class=\"bwg-item0 \">          <div class=\"bwg-item1 \">            <div class=\"bwg-item2\">              <img decoding=\"async\" class=\"skip-lazy bwg_standart_thumb_img_0 \"                   data-id=\"91\"                   data-width=\"\"                   data-height=\"\"                   data-src=\"https:\/\/rhjodoigne.be\/wp-content\/uploads\/photo-gallery\/thumb\/FB_IMG_1530123047868.jpg?bwg=1554113196\"                   src=\"https:\/\/rhjodoigne.be\/wp-content\/uploads\/photo-gallery\/thumb\/FB_IMG_1530123047868.jpg?bwg=1554113196\"                   alt=\"FB IMG 1530123047868\"                   title=\"FB IMG 1530123047868\" \/>            <\/div>            <div class=\"\">              <div class=\"bwg-title1\"><div class=\"bwg-title2\">FB IMG 1530123047868<\/div><\/div>                                        <\/div>          <\/div>        <\/div>                        <\/a>              <\/div>            <div class=\"bwg-item\">        <a class=\"bwg-a  bwg_lightbox\"  data-image-id=\"90\" href=\"https:\/\/rhjodoigne.be\/wp-content\/uploads\/photo-gallery\/20180623_-_2.jpg?bwg=1554113196\" data-elementor-open-lightbox=\"no\">                <div class=\"bwg-item0 \">          <div class=\"bwg-item1 \">            <div class=\"bwg-item2\">              <img decoding=\"async\" class=\"skip-lazy bwg_standart_thumb_img_0 \"                   data-id=\"90\"                   data-width=\"\"                   data-height=\"\"                   data-src=\"https:\/\/rhjodoigne.be\/wp-content\/uploads\/photo-gallery\/thumb\/20180623_-_2.jpg?bwg=1554113196\"                   src=\"https:\/\/rhjodoigne.be\/wp-content\/uploads\/photo-gallery\/thumb\/20180623_-_2.jpg?bwg=1554113196\"                   alt=\"20180623 - 2\"                   title=\"20180623 - 2\" \/>            <\/div>            <div class=\"\">              <div class=\"bwg-title1\"><div class=\"bwg-title2\">20180623 - 2<\/div><\/div>                                        <\/div>          <\/div>        <\/div>                        <\/a>              <\/div>            <div class=\"bwg-item\">        <a class=\"bwg-a  bwg_lightbox\"  data-image-id=\"89\" href=\"https:\/\/rhjodoigne.be\/wp-content\/uploads\/photo-gallery\/FB_IMG_1530123018074.jpg?bwg=1554113196\" data-elementor-open-lightbox=\"no\">                <div class=\"bwg-item0 \">          <div class=\"bwg-item1 \">            <div class=\"bwg-item2\">              <img decoding=\"async\" class=\"skip-lazy bwg_standart_thumb_img_0 \"                   data-id=\"89\"                   data-width=\"\"                   data-height=\"\"                   data-src=\"https:\/\/rhjodoigne.be\/wp-content\/uploads\/photo-gallery\/thumb\/FB_IMG_1530123018074.jpg?bwg=1554113196\"                   src=\"https:\/\/rhjodoigne.be\/wp-content\/uploads\/photo-gallery\/thumb\/FB_IMG_1530123018074.jpg?bwg=1554113196\"                   alt=\"FB IMG 1530123018074\"                   title=\"FB IMG 1530123018074\" \/>            <\/div>            <div class=\"\">              <div class=\"bwg-title1\"><div class=\"bwg-title2\">FB IMG 1530123018074<\/div><\/div>                                        <\/div>          <\/div>        <\/div>                        <\/a>              <\/div>            <div class=\"bwg-item\">        <a class=\"bwg-a  bwg_lightbox\"  data-image-id=\"88\" href=\"https:\/\/rhjodoigne.be\/wp-content\/uploads\/photo-gallery\/FB_IMG_1530123001642.jpg?bwg=1554113196\" data-elementor-open-lightbox=\"no\">                <div class=\"bwg-item0 \">          <div class=\"bwg-item1 \">            <div class=\"bwg-item2\">              <img decoding=\"async\" class=\"skip-lazy bwg_standart_thumb_img_0 \"                   data-id=\"88\"                   data-width=\"\"                   data-height=\"\"                   data-src=\"https:\/\/rhjodoigne.be\/wp-content\/uploads\/photo-gallery\/thumb\/FB_IMG_1530123001642.jpg?bwg=1554113196\"                   src=\"https:\/\/rhjodoigne.be\/wp-content\/uploads\/photo-gallery\/thumb\/FB_IMG_1530123001642.jpg?bwg=1554113196\"                   alt=\"FB IMG 1530123001642\"                   title=\"FB IMG 1530123001642\" \/>            <\/div>            <div class=\"\">              <div class=\"bwg-title1\"><div class=\"bwg-title2\">FB IMG 1530123001642<\/div><\/div>                                        <\/div>          <\/div>        <\/div>                        <\/a>              <\/div>            <div class=\"bwg-item\">        <a class=\"bwg-a  bwg_lightbox\"  data-image-id=\"87\" href=\"https:\/\/rhjodoigne.be\/wp-content\/uploads\/photo-gallery\/FB_IMG_1530123009991.jpg?bwg=1554113196\" data-elementor-open-lightbox=\"no\">                <div class=\"bwg-item0 \">          <div class=\"bwg-item1 \">            <div class=\"bwg-item2\">              <img decoding=\"async\" class=\"skip-lazy bwg_standart_thumb_img_0 \"                   data-id=\"87\"                   data-width=\"\"                   data-height=\"\"                   data-src=\"https:\/\/rhjodoigne.be\/wp-content\/uploads\/photo-gallery\/thumb\/FB_IMG_1530123009991.jpg?bwg=1554113196\"                   src=\"https:\/\/rhjodoigne.be\/wp-content\/uploads\/photo-gallery\/thumb\/FB_IMG_1530123009991.jpg?bwg=1554113196\"                   alt=\"FB IMG 1530123009991\"                   title=\"FB IMG 1530123009991\" \/>            <\/div>            <div class=\"\">              <div class=\"bwg-title1\"><div class=\"bwg-title2\">FB IMG 1530123009991<\/div><\/div>                                        <\/div>          <\/div>        <\/div>                        <\/a>              <\/div>          <\/div>    <style>      \/*pagination styles*\/      #bwg_container1_0 #bwg_container2_0 .tablenav-pages_0 {\t\t\t\ttext-align: center;\t\t\t\tfont-size: 12px;\t\t\t\tfont-family: segoe ui;\t\t\t\tfont-weight: bold;\t\t\t\tcolor: #666666;\t\t\t\tmargin: 6px 0 4px;\t\t\t\tdisplay: block;      }      @media only screen and (max-width : 320px) {      #bwg_container1_0 #bwg_container2_0 .displaying-num_0 {     \t display: none;      }      }      #bwg_container1_0 #bwg_container2_0 .displaying-num_0 {\t\t\t\tfont-size: 12px;\t\t\t\tfont-family: segoe ui;\t\t\t\tfont-weight: bold;\t\t\t\tcolor: #666666;\t\t\t\tmargin-right: 10px;\t\t\t\tvertical-align: middle;      }      #bwg_container1_0 #bwg_container2_0 .paging-input_0 {\t\t\t\tfont-size: 12px;\t\t\t\tfont-family: segoe ui;\t\t\t\tfont-weight: bold;\t\t\t\tcolor: #666666;\t\t\t\tvertical-align: middle;      }      #bwg_container1_0 #bwg_container2_0 .tablenav-pages_0 a.disabled,      #bwg_container1_0 #bwg_container2_0 .tablenav-pages_0 a.disabled:hover,      #bwg_container1_0 #bwg_container2_0 .tablenav-pages_0 a.disabled:focus,\t\t\t#bwg_container1_0 #bwg_container2_0 .tablenav-pages_0 input.bwg_current_page {\t\t\t\tcursor: default;\t\t\t\tcolor: rgba(102, 102, 102, 0.5);      }      #bwg_container1_0 #bwg_container2_0 .tablenav-pages_0 a,      #bwg_container1_0 #bwg_container2_0 .tablenav-pages_0 input.bwg_current_page {\t\t\t\tcursor: pointer;\t\t\t\ttext-align: center;\t\t\t\tfont-size: 12px;\t\t\t\tfont-family: segoe ui;\t\t\t\tfont-weight: bold;\t\t\t\tcolor: #666666;\t\t\t\ttext-decoration: none;\t\t\t\tpadding: 3px 6px;\t\t\t\tmargin: 0;\t\t\t\tborder-radius: 0;\t\t\t\tborder-style: solid;\t\t\t\tborder-width: 1px;\t\t\t\tborder-color: #E3E3E3;\t\t\t\t\t\t\t\tbackground-color: rgba(255, 255, 255, 1.00);\t\t\t\tbox-shadow: 0;\t\t\t\ttransition: all 0.3s ease 0s;-webkit-transition: all 0.3s ease 0s;      }      <\/style>      <span class=\"bwg_nav_cont_0\">              <div class=\"tablenav-pages_0\">                  <\/div>                <input type=\"hidden\" id=\"page_number_0\" name=\"page_number_0\" value=\"1\" \/>      <script type=\"text\/javascript\">        if( jQuery('.bwg_nav_cont_0').length > 1 ) {          jQuery('.bwg_nav_cont_0').first().remove()        }        function spider_page_0(cur, x, y, load_more) {          if (typeof load_more == \"undefined\") {            var load_more = false;          }          if (jQuery(cur).hasClass('disabled')) {            return false;          }          var items_county_0 = 1;          switch (y) {            case 1:              if (x >= items_county_0) {                document.getElementById('page_number_0').value = items_county_0;              }              else {                document.getElementById('page_number_0').value = x + 1;              }              break;            case 2:              document.getElementById('page_number_0').value = items_county_0;              break;            case -1:              if (x == 1) {                document.getElementById('page_number_0').value = 1;              }              else {                document.getElementById('page_number_0').value = x - 1;              }              break;            case -2:              document.getElementById('page_number_0').value = 1;              break;\t\t\t\t\t\tcase 0:              document.getElementById('page_number_0').value = x;              break;            default:              document.getElementById('page_number_0').value = 1;          }          bwg_ajax('gal_front_form_0', '0', 'bwg_thumbnails_0', '0', '', 'gallery', 0, '', '', load_more, '', 1);        }                    jQuery('.first-page-0').on('click', function () {              spider_page_0(this, 1, -2, 'numeric');              return false;            });            jQuery('.prev-page-0').on('click', function () {              spider_page_0(this, 1, -1, 'numeric');              return false;            });            jQuery('.next-page-0').on('click', function () {              spider_page_0(this, 1, 1, 'numeric');              return false;            });            jQuery('.last-page-0').on('click', function () {              spider_page_0(this, 1, 2, 'numeric');              return false;            });        \t\t\t\t\/* Change page on input enter. *\/        function bwg_change_page_0( e, that ) {          if (  e.key == 'Enter' ) {            var to_page = parseInt(jQuery(that).val());            var pages_count = jQuery(that).parents(\".pagination-links\").data(\"pages-count\");            var current_url_param = jQuery(that).attr('data-url-info');            if (to_page > pages_count) {              to_page = 1;            }\t \t\t\t\t\t\t\t\t\t\t\t\tspider_page_0(this, to_page, 0, 'numeric');\t\t\t\t\t\t\treturn false;\t\t\t\t\t\t          }          return true;        }        jQuery('.bwg_load_btn_0').on('click', function () {            spider_page_0(this, 1, 1, true);            return false;        });      <\/script>      <\/span>                <\/div>        <\/form>        <style>          #bwg_container1_0 #bwg_container2_0 #spider_popup_overlay_0 {          background-color: #000000;          opacity: 0.70;          }          <\/style>        <div id=\"bwg_spider_popup_loading_0\" class=\"bwg_spider_popup_loading\"><\/div>        <div id=\"spider_popup_overlay_0\" class=\"spider_popup_overlay\" onclick=\"spider_destroypopup(1000)\"><\/div>        <input type=\"hidden\" id=\"bwg_random_seed_0\" value=\"1684639987\">                <\/div>    <\/div>    <script>      if (document.readyState === 'complete') {        if( typeof bwg_main_ready == 'function' ) {          if ( jQuery(\"#bwg_container1_0\").height() ) {            bwg_main_ready(jQuery(\"#bwg_container1_0\"));          }        }      } else {        document.addEventListener('DOMContentLoaded', function() {          if( typeof bwg_main_ready == 'function' ) {            if ( jQuery(\"#bwg_container1_0\").height() ) {             bwg_main_ready(jQuery(\"#bwg_container1_0\"));            }          }        });      }    <\/script>    \n<p><img loading=\"lazy\" decoding=\"async\" class=\"size-medium wp-image-497 alignright\" src=\"https:\/\/rhjodoigne.be\/wp-content\/uploads\/2017\/11\/Logo-Oct-Opus-300x225.png\" alt=\"\" width=\"300\" height=\"225\" srcset=\"https:\/\/rhjodoigne.be\/wp-content\/uploads\/2017\/11\/Logo-Oct-Opus-300x225.png 300w, https:\/\/rhjodoigne.be\/wp-content\/uploads\/2017\/11\/Logo-Oct-Opus-768x576.png 768w, https:\/\/rhjodoigne.be\/wp-content\/uploads\/2017\/11\/Logo-Oct-Opus.png 960w\" sizes=\"(max-width: 300px) 100vw, 300px\" \/><br \/>\n<strong style=\"font-size: 22px;\">Le Street Band de la RHJ !!<\/strong><\/p>\n<div style=\"font-size: 22px;\">8 musiciens pour mettre l&rsquo;ambiance et animer vos festivit\u00e9s et \u00e9v\u00e8nements.<br \/>\nPremi\u00e8re r\u00e9p\u00e9tition le 25 ao\u00fbt 2017, premi\u00e8re prestation le 17 septembre, Oct&rsquo;Opus Band ne fait pas dans la dentelle ni dans la facilit\u00e9! Se lancer dans un march\u00e9 d\u00e9j\u00e0 plein de tr\u00e8s bons concurrents est un acte fou mais rien ne fait peur aux musiciens de la RHJ!<br \/>\nUne batterie, deux sax alto, un t\u00e9nor, un trombone, deux trompettes et un sousaphone pour un r\u00e9pertoire vari\u00e9, allant de la chanson fran\u00e7aise au dessin anim\u00e9 en passant par le rock et le disco.<br \/>\nEnvie de bouger, de danser et de ravir vos convives ou simplement ajouter du panache \u00e0 un \u00e9v\u00e8nement\u2026.OCT\u2019OPUS BAND<\/div>\n<p><b>Petits extraits<\/b><\/p>\n<p><iframe loading=\"lazy\" src=\"https:\/\/w.soundcloud.com\/player\/?url=https%3A\/\/api.soundcloud.com\/tracks\/356717351&amp;color=%23ff5500&amp;auto_play=false&amp;hide_related=false&amp;show_comments=true&amp;show_user=true&amp;show_reposts=false&amp;show_teaser=true\" width=\"100%\" height=\"166\" frameborder=\"no\" scrolling=\"no\"><\/iframe><\/p>\n<p><iframe loading=\"lazy\" src=\"https:\/\/w.soundcloud.com\/player\/?url=https%3A\/\/api.soundcloud.com\/tracks\/356717912&amp;color=%23ff5500&amp;auto_play=false&amp;hide_related=false&amp;show_comments=true&amp;show_user=true&amp;show_reposts=false&amp;show_teaser=true\" width=\"100%\" height=\"166\" frameborder=\"no\" scrolling=\"no\"><\/iframe><\/p>\n<p><a href=\"https:\/\/youtu.be\/TF3VCN2SL04\">Un peu d&rsquo;Oct&rsquo;Opus<\/a><\/p>\n<div style=\"width: 560px;\" class=\"wp-video\"><!--[if lt IE 9]><script>document.createElement('video');<\/script><![endif]-->\n<video class=\"wp-video-shortcode\" id=\"video-446-1\" width=\"560\" height=\"320\" preload=\"metadata\" controls=\"controls\"><source type=\"video\/mp4\" src=\"https:\/\/rhjodoigne.be\/wp-content\/uploads\/2017\/12\/Oct-Opus-Hot-Stuff.mp4?_=1\" \/><a href=\"https:\/\/rhjodoigne.be\/wp-content\/uploads\/2017\/12\/Oct-Opus-Hot-Stuff.mp4\">https:\/\/rhjodoigne.be\/wp-content\/uploads\/2017\/12\/Oct-Opus-Hot-Stuff.mp4<\/a><\/video><\/div>\n","protected":false},"excerpt":{"rendered":"<p>Le Street Band de la RHJ !! 8 musiciens pour mettre l&rsquo;ambiance et animer vos festivit\u00e9s et \u00e9v\u00e8nements. Premi\u00e8re r\u00e9p\u00e9tition le 25 ao\u00fbt 2017, premi\u00e8re prestation le 17 septembre, Oct&rsquo;Opus Band ne fait pas dans la dentelle ni dans la facilit\u00e9! Se lancer dans un march\u00e9 d\u00e9j\u00e0 plein de tr\u00e8s&#8230;<\/p>\n","protected":false},"author":9,"featured_media":0,"parent":0,"menu_order":0,"comment_status":"closed","ping_status":"closed","template":"","meta":{"footnotes":""},"_links":{"self":[{"href":"https:\/\/rhjodoigne.be\/index.php\/wp-json\/wp\/v2\/pages\/446"}],"collection":[{"href":"https:\/\/rhjodoigne.be\/index.php\/wp-json\/wp\/v2\/pages"}],"about":[{"href":"https:\/\/rhjodoigne.be\/index.php\/wp-json\/wp\/v2\/types\/page"}],"author":[{"embeddable":true,"href":"https:\/\/rhjodoigne.be\/index.php\/wp-json\/wp\/v2\/users\/9"}],"replies":[{"embeddable":true,"href":"https:\/\/rhjodoigne.be\/index.php\/wp-json\/wp\/v2\/comments?post=446"}],"version-history":[{"count":22,"href":"https:\/\/rhjodoigne.be\/index.php\/wp-json\/wp\/v2\/pages\/446\/revisions"}],"predecessor-version":[{"id":998,"href":"https:\/\/rhjodoigne.be\/index.php\/wp-json\/wp\/v2\/pages\/446\/revisions\/998"}],"wp:attachment":[{"href":"https:\/\/rhjodoigne.be\/index.php\/wp-json\/wp\/v2\/media?parent=446"}],"curies":[{"name":"wp","href":"https:\/\/api.w.org\/{rel}","templated":true}]}}