{"id":993,"date":"2023-10-03T13:59:33","date_gmt":"2023-10-03T11:59:33","guid":{"rendered":"https:\/\/rhjodoigne.be\/?page_id=993"},"modified":"2023-10-03T14:04:01","modified_gmt":"2023-10-03T12:04:01","slug":"geldoniae-wind-orchestra","status":"publish","type":"page","link":"https:\/\/rhjodoigne.be\/index.php\/fr\/geldoniae-wind-orchestra\/","title":{"rendered":"Geldoniae Wind Orchestra"},"content":{"rendered":"\n<p>Le Geldoniae Wind Orchestra c&rsquo;est la formation concert de la RHJ.<\/p>\n\n\n\n<p>Voulant promouvoir la musique d&rsquo;harmonie et se mettre au service de nobles causes, la RHJ met cette formation \u00e0 disposition de toutes les associations organisant des \u00e9v\u00e9nements \u00e0 carract\u00e8re carritatif&#8230; si tel est votre cas, n&rsquo;h\u00e9sitez plus!<\/p>\n","protected":false},"excerpt":{"rendered":"<p>Le Geldoniae Wind Orchestra c&rsquo;est la formation concert de la RHJ. Voulant promouvoir la musique d&rsquo;harmonie et se mettre au service de nobles causes, la RHJ met cette formation \u00e0 disposition de toutes les associations organisant des \u00e9v\u00e9nements \u00e0 carract\u00e8re carritatif&#8230; si tel est votre cas, n&rsquo;h\u00e9sitez plus!<\/p>\n","protected":false},"author":9,"featured_media":0,"parent":0,"menu_order":0,"comment_status":"closed","ping_status":"closed","template":"","meta":{"footnotes":""},"_links":{"self":[{"href":"https:\/\/rhjodoigne.be\/index.php\/wp-json\/wp\/v2\/pages\/993"}],"collection":[{"href":"https:\/\/rhjodoigne.be\/index.php\/wp-json\/wp\/v2\/pages"}],"about":[{"href":"https:\/\/rhjodoigne.be\/index.php\/wp-json\/wp\/v2\/types\/page"}],"author":[{"embeddable":true,"href":"https:\/\/rhjodoigne.be\/index.php\/wp-json\/wp\/v2\/users\/9"}],"replies":[{"embeddable":true,"href":"https:\/\/rhjodoigne.be\/index.php\/wp-json\/wp\/v2\/comments?post=993"}],"version-history":[{"count":2,"href":"https:\/\/rhjodoigne.be\/index.php\/wp-json\/wp\/v2\/pages\/993\/revisions"}],"predecessor-version":[{"id":996,"href":"https:\/\/rhjodoigne.be\/index.php\/wp-json\/wp\/v2\/pages\/993\/revisions\/996"}],"wp:attachment":[{"href":"https:\/\/rhjodoigne.be\/index.php\/wp-json\/wp\/v2\/media?parent=993"}],"curies":[{"name":"wp","href":"https:\/\/api.w.org\/{rel}","templated":true}]}}